{"id":99,"date":"2020-04-15T14:05:33","date_gmt":"2020-04-15T14:05:33","guid":{"rendered":"https:\/\/hsraadio.net\/uus\/?page_id=99"},"modified":"2020-05-13T10:23:34","modified_gmt":"2020-05-13T10:23:34","slug":"kasulikud-lingid","status":"publish","type":"page","link":"https:\/\/hsraadio.net\/uus\/kasulikud-lingid\/","title":{"rendered":"Kasulikud lingid"},"content":{"rendered":"\r\n<h2 class=\"wp-block-heading\"><a href=\"http:\/\/www.tv7.ee\/vod\/series\/67\/\" target=\"_blank\" rel=\"noreferrer noopener\"><u>Avades Uut Testamenti<\/u><\/a><\/h2>\r\n\r\n\r\n\r\n<p>David Pawsoni p\u00f5hjalik piibli\u00f5petus, kus l\u00e4bitakse terve Uus Testament raamat-raamatult. David Pawson (s 1930) on \u00fcleilmselt tuntud inglane &#8211; piibli\u00f5petaja, kes on viimase veerandsajandi jooksul \u00f5petanud kogudustes \u00fcle kogu maailma. Ta on ka kirjutanud mitmeid raamatuid ja teinud saatesarja, mis h\u00f5lmab Piibli 66 raamatut.<\/p>\r\n\r\n\r\n\r\n<p>Vaata saadet\u00a0<a href=\"http:\/\/www.tv7.ee\/vod\/series\/67\/\" target=\"_blank\" rel=\"noreferrer noopener\"><u>siit<\/u><\/a><br \/><a>&#8211; &#8211; &#8211; &#8211; &#8211; &#8211; &#8211; &#8211; &#8211; &#8211; &#8211; &#8211; &#8211;<\/a><\/p>\r\n\r\n\r\n\r\n<h2 class=\"wp-block-heading\"><a href=\"http:\/\/www.tv7.ee\/vod\/series\/460\/\" target=\"_blank\" rel=\"noreferrer noopener\"><u>Derek Prince<\/u><\/a><\/h2>\r\n\r\n\r\n\r\n<p>Inglasest Derek Prince&#8217;i \u00f5petus praktilisest elust on s\u00fcgav ning Piiblile toetuv. Derek Prince (1915 &#8211; 2003) oli rahvusvaheline piibli\u00f5petaja, kes reisis rohkem kui 60 aastat k\u00f5ikidel maailma kontinentidel. Derek Prince on l\u00f5petanud mitmeid \u00fclikoole, sealhulgas Eton College&#8217;i, Cambridge&#8217;i ning Jeruusalemmas asuva Heebrea \u00dclikooli. Oma elu jooksul kirjutas Prince 45 vaimulikku raamatut.<\/p>\r\n\r\n\r\n\r\n<p>Vaata saadet\u00a0<a href=\"http:\/\/www.tv7.ee\/vod\/series\/460\/\" target=\"_blank\" rel=\"noreferrer noopener\"><u>siit<\/u><\/a><\/p>\r\n\r\n\r\n\r\n<p>&#8212;&#8212;&#8212;&#8212;&#8212;&#8212;&#8212;<\/p>\r\n\r\n\r\n\r\n<h2 class=\"wp-block-heading\"><a href=\"http:\/\/www.varasalv.ee\/\" target=\"_blank\" rel=\"noreferrer noopener\"><u>Vaimulik varasalv<\/u><\/a><\/h2>\r\n\r\n\r\n\r\n<p><a href=\"http:\/\/www.varasalv.ee\/\">http:\/\/www.varasalv.ee\/<\/a><\/p>\r\n","protected":false},"excerpt":{"rendered":"<p>Avades Uut Testamenti David Pawsoni p\u00f5hjalik piibli\u00f5petus, kus l\u00e4bitakse terve Uus Testament raamat-raamatult. David Pawson (s 1930) on \u00fcleilmselt tuntud inglane &#8211; piibli\u00f5petaja, kes on &hellip; <\/p>\n","protected":false},"author":2,"featured_media":0,"parent":0,"menu_order":0,"comment_status":"closed","ping_status":"closed","template":"","meta":{"footnotes":""},"class_list":["post-99","page","type-page","status-publish","hentry"],"_links":{"self":[{"href":"https:\/\/hsraadio.net\/uus\/wp-json\/wp\/v2\/pages\/99","targetHints":{"allow":["GET"]}}],"collection":[{"href":"https:\/\/hsraadio.net\/uus\/wp-json\/wp\/v2\/pages"}],"about":[{"href":"https:\/\/hsraadio.net\/uus\/wp-json\/wp\/v2\/types\/page"}],"author":[{"embeddable":true,"href":"https:\/\/hsraadio.net\/uus\/wp-json\/wp\/v2\/users\/2"}],"replies":[{"embeddable":true,"href":"https:\/\/hsraadio.net\/uus\/wp-json\/wp\/v2\/comments?post=99"}],"version-history":[{"count":5,"href":"https:\/\/hsraadio.net\/uus\/wp-json\/wp\/v2\/pages\/99\/revisions"}],"predecessor-version":[{"id":221,"href":"https:\/\/hsraadio.net\/uus\/wp-json\/wp\/v2\/pages\/99\/revisions\/221"}],"wp:attachment":[{"href":"https:\/\/hsraadio.net\/uus\/wp-json\/wp\/v2\/media?parent=99"}],"curies":[{"name":"wp","href":"https:\/\/api.w.org\/{rel}","templated":true}]}}