{"id":94,"date":"2020-04-15T14:02:00","date_gmt":"2020-04-15T14:02:00","guid":{"rendered":"https:\/\/hsraadio.net\/uus\/?page_id=94"},"modified":"2023-11-03T11:27:55","modified_gmt":"2023-11-03T09:27:55","slug":"raamaturiiul","status":"publish","type":"page","link":"https:\/\/hsraadio.net\/uus\/raamaturiiul\/","title":{"rendered":"Raamaturiiul"},"content":{"rendered":"\n<h3 class=\"wp-block-heading\">Kui allalaadimine ei toimi kasutage m\u00f5nda teist veebilehitsejat.<\/h3>\n\n\n\n<figure class=\"wp-block-table\"><table><tbody><tr><td><strong>Laadi alla<\/strong><\/td><td><strong>Pealkiri<\/strong><\/td><td><strong>Faili suurus<\/strong><\/td><\/tr><tr><td><strong><a href=\"https:\/\/hsraadio.net\/raamat\/What%20Does%20it%20Mean%20to%20Accept%20Christ2_%20-%20by%20AW%20Tozer.pdf\" target=\"_blank\" rel=\"noreferrer noopener\">&nbsp;Lae alla&nbsp;<\/a><\/strong><\/td><td>&nbsp;What Does it Mean to Accept Christ2_ &#8211; by AW Tozer&nbsp;<\/td><td>64,9 KB<\/td><\/tr><tr><td><strong><a href=\"https:\/\/hsraadio.net\/raamat\/What%20Does%20it%20Mean%20to%20Accept%20Christ_%20-%20by%20AW%20Tozer.pdf\" target=\"_blank\" rel=\"noreferrer noopener\">&nbsp;Lae alla&nbsp;<\/a><\/strong><\/td><td>&nbsp;What Does it Mean to Accept Christ_ &#8211; by AW Tozer&nbsp;<\/td><td>66,4 KB<\/td><\/tr><tr><td><strong><a href=\"https:\/\/hsraadio.net\/raamat\/Tozer-Worship%20The%20Missing%20Jewel.pdf\" target=\"_blank\" rel=\"noreferrer noopener\">&nbsp;Lae alla&nbsp;<\/a><\/strong><\/td><td>&nbsp;Tozer-Worship The Missing Jewel&nbsp;<\/td><td>100 KB<\/td><\/tr><tr><td><strong><a href=\"https:\/\/hsraadio.net\/raamat\/Tozer_TheBestOfTozer.pdf\" target=\"_blank\" rel=\"noreferrer noopener\">&nbsp;Lae alla&nbsp;<\/a><\/strong><\/td><td>&nbsp;Tozer_The Best Of Tozer&nbsp;<\/td><td>1,26 MB<\/td><\/tr><tr><td><strong><a href=\"https:\/\/hsraadio.net\/raamat\/tozer_Jesusisvictor.pdf\" target=\"_blank\" rel=\"noreferrer noopener\">&nbsp;Lae alla&nbsp;<\/a><\/strong><\/td><td>&nbsp;Tozer_Jesus is victor&nbsp;<\/td><td>387 KB<\/td><\/tr><tr><td><strong><a href=\"https:\/\/hsraadio.net\/raamat\/Tozer%20-%20quotes.pdf\" target=\"_blank\" rel=\"noreferrer noopener\">&nbsp;Lae alla&nbsp;<\/a><\/strong><\/td><td>&nbsp;Tozer &#8211; quotes&nbsp;<\/td><td>186 KB<\/td><\/tr><tr><td><strong><a href=\"https:\/\/hsraadio.net\/raamat\/The%20Old%20Cross%20and%20The%20New.pdf\" target=\"_blank\" rel=\"noreferrer noopener\">&nbsp;Lae alla&nbsp;<\/a><\/strong><\/td><td>&nbsp;The Old Cross and The New&nbsp;<\/td><td>84,5 KB<\/td><\/tr><tr><td><strong><a href=\"https:\/\/hsraadio.net\/raamat\/ThatIncredibleChristian_TOZER.pdf\" target=\"_blank\" rel=\"noreferrer noopener\">&nbsp;Lae alla&nbsp;<\/a><\/strong><\/td><td>&nbsp;That Incredible Christian_TOZER&nbsp;<\/td><td>380 KB<\/td><\/tr><tr><td><strong><a href=\"https:\/\/hsraadio.net\/raamat\/Jesus,%20Our%20Man%20in%20Glory%20tozer.pdf\" target=\"_blank\" rel=\"noreferrer noopener\">&nbsp;Lae alla&nbsp;<\/a><\/strong><\/td><td>&nbsp;Jesus, Our Man in Glory tozer&nbsp;<\/td><td>421 KB<\/td><\/tr><tr><td><strong><a href=\"https:\/\/hsraadio.net\/raamat\/I+Call+it+a+Heresy+-+A.W.+Tozer.pdf\" target=\"_blank\" rel=\"noreferrer noopener\">&nbsp;Lae alla&nbsp;<\/a><\/strong><\/td><td>&nbsp;I Call it a Heresy A.W.+Tozer&nbsp;<\/td><td>369 KB<\/td><\/tr><tr><td><strong><a href=\"https:\/\/hsraadio.net\/raamat\/A.W.+Tozer+-+The+Root+of+the+Righteous.pdf\" target=\"_blank\" rel=\"noreferrer noopener\">&nbsp;Lae alla&nbsp;<\/a><\/strong><\/td><td>&nbsp;A.W. Tozer The Root of the Righteous&nbsp;<\/td><td>591 KB<\/td><\/tr><tr><td><strong><a href=\"https:\/\/hsraadio.net\/raamat\/A.+W.+Tozer+-+Man+Dwelling+Place+of+God.pdf\" target=\"_blank\" rel=\"noreferrer noopener\">&nbsp;Lae alla&nbsp;<\/a><\/strong><\/td><td>&nbsp;A.W.Tozer Man Dwelling Place of God&nbsp;<\/td><td>556 KB<\/td><\/tr><tr><td><strong><a href=\"https:\/\/hsraadio.net\/raamat\/vaimulik.s6da.pdf\" target=\"_blank\" rel=\"noreferrer noopener\">&nbsp;Lae alla&nbsp;<\/a><\/strong><\/td><td>&nbsp;<strong>&#8220;Vaimulik s\u00f5da&#8221;<\/strong><br>John Bunyan, 17 sajandi inglise kirjanik ja jutlustaja.<br>Ta on tuntud kristlikus maailmas oma kuulsa teose \u00abRistiinimese teekond taevalinna\u00bb, mille<br>ta kirjutas vangip\u00f5lves olles oma usu p\u00e4rast. Siin pakutud teos on allegooriline jutustus<br>Saatana ja tema v\u00e4gede v\u00f5itlusest inimkonna vastu, mis p\u00e4\u00e4dib Kristuse v\u00f5iduga. &nbsp;<\/td><td>405 KB<\/td><\/tr><tr><td><strong><a href=\"https:\/\/hsraadio.net\/raamat\/Ainult%20%C3%BCks%20elu.pdf\" target=\"_blank\" rel=\"noreferrer noopener\">&nbsp;Lae alla&nbsp;<\/a><\/strong><\/td><td>&nbsp;Ainult \u00fcks elu&nbsp;<\/td><td>441 KB<\/td><\/tr><tr><td><strong><a href=\"https:\/\/hsraadio.net\/raamat\/Alister%20Kurjade%20vaimude%20v%C3%A4ljaajmine.pdf\">&nbsp;Lae alla&nbsp;<\/a><\/strong><\/td><td>&nbsp;Alister Kurjade vaimude v\u00e4ljaajmine&nbsp;<\/td><td>277 KB<\/td><\/tr><tr><td><strong><a href=\"https:\/\/hsraadio.net\/raamat\/Anna%20ja%20ingel.pdf\">&nbsp;Lae alla&nbsp;<\/a><\/strong><\/td><td>&nbsp;Anna ja ingel&nbsp;<\/td><td>6,72 MB<\/td><\/tr><tr><td><strong><a href=\"https:\/\/hsraadio.net\/raamat\/AW%20Tozer%20Man%20-%20The%20Dwelling%20Place%20of%20God.pdf\">&nbsp;Lae alla&nbsp;<\/a><\/strong><\/td><td>&nbsp;AW Tozer Man &#8211; The Dwelling Place of God&nbsp;<\/td><td>796 KB<\/td><\/tr><tr><td><strong><a href=\"https:\/\/hsraadio.net\/raamat\/Bounds%20J%C3%B5ud%20palve%20l%C3%A4bi.pdf\">&nbsp;Lae alla&nbsp;<\/a><\/strong><\/td><td>&nbsp;Bounds J\u00f5ud palve l\u00e4bi&nbsp;<\/td><td>124 KB<\/td><\/tr><tr><td><strong><a href=\"https:\/\/hsraadio.net\/raamat\/devotions.pdf\">&nbsp;Lae alla&nbsp;<\/a><\/strong><\/td><td>&nbsp;Devotions&nbsp;<\/td><td>1,04 MB<\/td><\/tr><tr><td><strong><a href=\"https:\/\/hsraadio.net\/raamat\/Hallesby,%20Meie%20j%C3%B5ud%20kasvab%20vaikuses.pdf\">&nbsp;Lae alla&nbsp;<\/a><\/strong><\/td><td>&nbsp;Hallesby, Meie j\u00f5ud kasvab vaikuses&nbsp;<\/td><td>482 KB<\/td><\/tr><tr><td><strong><a href=\"https:\/\/hsraadio.net\/raamat\/History%20of%20waldensees.pdf\">&nbsp;Lae alla&nbsp;<\/a><\/strong><\/td><td>&nbsp;History of waldensees&nbsp;<\/td><td>281 KB<\/td><\/tr><tr><td><strong><a href=\"https:\/\/hsraadio.net\/raamat\/hudson_taylor.pdf\">&nbsp;Lae alla&nbsp;<\/a><\/strong><\/td><td>&nbsp;Hudson Taylor&nbsp;<\/td><td>57,6 KB<\/td><\/tr><tr><td><strong><a href=\"https:\/\/hsraadio.net\/raamat\/in%20the%20arena%20of%20faith%20Sauer.pdf\">&nbsp;Lae alla&nbsp;<\/a><\/strong><\/td><td>&nbsp;In the arena of faith Sauer&nbsp;<\/td><td>721 KB<\/td><\/tr><tr><td><strong><a href=\"https:\/\/hsraadio.net\/raamat\/Johannes%20Matvei-Kaarep.pdf\">&nbsp;Lae alla&nbsp;<\/a><\/strong><\/td><td>&nbsp;Johannes Matvei-Kaarep&nbsp;<\/td><td>756 KB<\/td><\/tr><tr><td><strong><a href=\"https:\/\/hsraadio.net\/raamat\/Jookse,%20poiss,%20jookse.pdf\">&nbsp;Lae alla&nbsp;<\/a><\/strong><\/td><td>&nbsp;Jookse, poiss, jookse&nbsp;<\/td><td>1,01 MB<\/td><\/tr><tr><td><strong><a href=\"https:\/\/hsraadio.net\/raamat\/Jumal%20k%C3%B5neleb.pdf\">&nbsp;Lae alla&nbsp;<\/a><\/strong><\/td><td>&nbsp;Jumal k\u00f5neleb&nbsp;<\/td><td>498 KB<\/td><\/tr><tr><td><strong><a href=\"https:\/\/hsraadio.net\/raamat\/Jumala%20imesid%20t%C3%B5sielust.pdf\">&nbsp;Lae alla&nbsp;<\/a><\/strong><\/td><td>&nbsp;Jumala imesid t\u00f5sielust&nbsp;<\/td><td>735 KB<\/td><\/tr><tr><td><strong><a href=\"https:\/\/hsraadio.net\/raamat\/Juudit.pdf\">&nbsp;Lae alla&nbsp;<\/a><\/strong><\/td><td>&nbsp;Juudit&nbsp;<\/td><td>382 KB<\/td><\/tr><tr><td><strong><a href=\"https:\/\/hsraadio.net\/raamat\/Karismaatiline%20v%C3%B5i%20vaimulik.pdf\">&nbsp;Lae alla&nbsp;<\/a><\/strong><\/td><td>&nbsp;Karismaatiline v\u00f5i vaimulik&nbsp;<\/td><td>151 KB<\/td><\/tr><tr><td><strong><a href=\"https:\/\/hsraadio.net\/raamat\/Karl%20Reits.pdf\">&nbsp;Lae alla&nbsp;<\/a><\/strong><\/td><td>&nbsp;Karl Reits&nbsp;<\/td><td>175 KB<\/td><\/tr><tr><td><strong><a href=\"https:\/\/hsraadio.net\/raamat\/Kas%20tahad%20uskuda.pdf\">&nbsp;Lae alla&nbsp;<\/a><\/strong><\/td><td>&nbsp;Kas tahad uskuda&nbsp;<\/td><td>1,06 MB<\/td><\/tr><tr><td><strong><a href=\"https:\/\/hsraadio.net\/raamat\/Kristus%20maailma%20teedel.pdf\">&nbsp;Lae alla&nbsp;<\/a><\/strong><\/td><td>&nbsp;Kristus maailma teedel.&nbsp;<\/td><td>549 KB<\/td><\/tr><tr><td><strong><a href=\"https:\/\/hsraadio.net\/raamat\/Kuidas%20saan%20ma%20t%C3%B5siusklikuks.pdf\">&nbsp;Lae alla&nbsp;<\/a><\/strong><\/td><td>&nbsp;Kuidas saan ma t\u00f5siusklikuks&nbsp;<\/td><td>318 KB<\/td><\/tr><tr><td><strong><a href=\"https:\/\/hsraadio.net\/raamat\/Ma%20abiellusin%20sinuga.pdf\">&nbsp;Lae alla&nbsp;<\/a><\/strong><\/td><td>&nbsp;Ma abiellusin sinuga&nbsp;<\/td><td>727 KB<\/td><\/tr><tr><td><strong><a href=\"https:\/\/hsraadio.net\/raamat\/Mees,%20kes%20palus%20%C3%A4rkamisi.pdf\">&nbsp;Lae alla&nbsp;<\/a><\/strong><\/td><td>&nbsp;Mees, kes palus \u00e4rkamisi&nbsp;<\/td><td>171 KB<\/td><\/tr><tr><td><strong><a href=\"https:\/\/hsraadio.net\/raamat\/My-utmost-for-his-highest%20(Devotional)%20Oswald-Chambers.pdf\">&nbsp;Lae alla&nbsp;<\/a><\/strong><\/td><td>&nbsp;My-utmost-for-his-highest (Devotional) Oswald-Chambers&nbsp;<\/td><td>1,15 MB<\/td><\/tr><tr><td><strong><a href=\"https:\/\/hsraadio.net\/raamat\/Octavius%20Winslow%20Evening%20Thoughts%20or%20Daily%20Walking%20With%20God.pdf\">&nbsp;Lae alla&nbsp;<\/a><\/strong><\/td><td>&nbsp;Octavius Winslow Evening Thoughts or Daily Walking With God&nbsp;<\/td><td>2,35 MB<\/td><\/tr><tr><td><strong><a href=\"https:\/\/hsraadio.net\/raamat\/Palvetavad%20vanemad.pdf\">&nbsp;Lae alla&nbsp;<\/a><\/strong><\/td><td>&nbsp;Palvetavad vanemad&nbsp;<\/td><td>326 KB<\/td><\/tr><tr><td><strong><a href=\"https:\/\/hsraadio.net\/raamat\/Puhtaat%20Saarnat%201984.pdf\">&nbsp;Lae alla&nbsp;<\/a><\/strong><\/td><td>&nbsp;Puhtaat Saarnat 1984&nbsp;<\/td><td>4,47 MB<\/td><\/tr><tr><td><strong><a href=\"https:\/\/hsraadio.net\/raamat\/Pursuit_of_God.pdf\">&nbsp;Lae alla&nbsp;<\/a><\/strong><\/td><td>&nbsp;Pursuit of God&nbsp;<\/td><td>127 MB<\/td><\/tr><tr><td><strong><a href=\"https:\/\/hsraadio.net\/raamat\/P%C3%BCha%20Vaim.pdf\">&nbsp;Lae alla&nbsp;<\/a><\/strong><\/td><td>&nbsp;P\u00fcha Vaim&nbsp;<\/td><td>570 KB<\/td><\/tr><tr><td><strong><a href=\"https:\/\/hsraadio.net\/raamat\/P%C3%BChitsuselu%20astmed.pdf\">&nbsp;Lae alla&nbsp;<\/a><\/strong><\/td><td>&nbsp;P\u00fchitsuselu astmed&nbsp;<\/td><td>384 KB<\/td><\/tr><tr><td><strong><a href=\"https:\/\/hsraadio.net\/raamat\/SAABUV.PIMEDUSE.TUND_e-raamat.pdf\">&nbsp;Lae alla&nbsp;<\/a><\/strong><\/td><td>&nbsp;SAABUV PIMEDUSE TUND&nbsp;<\/td><td>1 MB<\/td><\/tr><tr><td><strong><a href=\"https:\/\/hsraadio.net\/raamat\/Samuel%20Logan%20Brengl%20Helps%20To%20Holiness.pdf\">&nbsp;Lae alla&nbsp;<\/a><\/strong><\/td><td>&nbsp;Samuel Logan Brengl Helps To Holiness&nbsp;<\/td><td>581 KB<\/td><\/tr><tr><td><strong><a href=\"https:\/\/hsraadio.net\/raamat\/Samuel%20Logan%20Brengle%20Ancient%20Prophets.pdf\">&nbsp;Lae alla&nbsp;<\/a><\/strong><\/td><td>&nbsp;Samuel Logan Brengle Ancient Prophets&nbsp;<\/td><td>606 KB<\/td><\/tr><tr><td><strong><a href=\"https:\/\/hsraadio.net\/raamat\/Samuel%20Logan%20Brengle%20Heart%20Talks%20On%20Holiness.pdf\">&nbsp;Lae alla&nbsp;<\/a><\/strong><\/td><td>&nbsp;Samuel Logan Brengle Heart Talks On Holiness&nbsp;<\/td><td>475 KB<\/td><\/tr><tr><td><strong><a href=\"https:\/\/hsraadio.net\/raamat\/Samuel%20Logan%20Brengle%20Love%20Slaves.pdf\">&nbsp;Lae alla&nbsp;<\/a><\/strong><\/td><td>&nbsp;Samuel Logan Brengle Love Slaves&nbsp;<\/td><td>425 KB<\/td><\/tr><tr><td><strong><a href=\"https:\/\/hsraadio.net\/raamat\/Taevaline%20mees.pdf\">&nbsp;Lae alla&nbsp;<\/a><\/strong><\/td><td>&nbsp;Taevaline mees&nbsp;<\/td><td>428 KB<\/td><\/tr><tr><td><strong><a href=\"https:\/\/hsraadio.net\/raamat\/the_waldenses_and_valleys.pdf\">&nbsp;Lae alla&nbsp;<\/a><\/strong><\/td><td>&nbsp;The waldenses and valleys&nbsp;<\/td><td>261 KB<\/td><\/tr><tr><td><strong><a href=\"https:\/\/hsraadio.net\/raamat\/Uue%20Testamendi%20s%C3%B5naraamat.pdf\">&nbsp;Lae alla&nbsp;<\/a><\/strong><\/td><td>&nbsp;Uue Testamendi s\u00f5naraamat&nbsp;<\/td><td>752 KB<\/td><\/tr><\/tbody><\/table><\/figure>\n","protected":false},"excerpt":{"rendered":"<p>Kui allalaadimine ei toimi kasutage m\u00f5nda teist veebilehitsejat. Laadi alla Pealkiri Faili suurus &nbsp;Lae alla&nbsp; &nbsp;What Does it Mean to Accept Christ2_ &#8211; by AW &hellip; <\/p>\n","protected":false},"author":2,"featured_media":0,"parent":0,"menu_order":0,"comment_status":"closed","ping_status":"closed","template":"","meta":{"footnotes":""},"class_list":["post-94","page","type-page","status-publish","hentry"],"_links":{"self":[{"href":"https:\/\/hsraadio.net\/uus\/wp-json\/wp\/v2\/pages\/94","targetHints":{"allow":["GET"]}}],"collection":[{"href":"https:\/\/hsraadio.net\/uus\/wp-json\/wp\/v2\/pages"}],"about":[{"href":"https:\/\/hsraadio.net\/uus\/wp-json\/wp\/v2\/types\/page"}],"author":[{"embeddable":true,"href":"https:\/\/hsraadio.net\/uus\/wp-json\/wp\/v2\/users\/2"}],"replies":[{"embeddable":true,"href":"https:\/\/hsraadio.net\/uus\/wp-json\/wp\/v2\/comments?post=94"}],"version-history":[{"count":3,"href":"https:\/\/hsraadio.net\/uus\/wp-json\/wp\/v2\/pages\/94\/revisions"}],"predecessor-version":[{"id":1058,"href":"https:\/\/hsraadio.net\/uus\/wp-json\/wp\/v2\/pages\/94\/revisions\/1058"}],"wp:attachment":[{"href":"https:\/\/hsraadio.net\/uus\/wp-json\/wp\/v2\/media?parent=94"}],"curies":[{"name":"wp","href":"https:\/\/api.w.org\/{rel}","templated":true}]}}