{"id":6,"date":"2020-04-13T15:35:09","date_gmt":"2020-04-13T15:35:09","guid":{"rendered":"https:\/\/hsraadio.net\/uus\/?page_id=6"},"modified":"2025-05-05T07:51:46","modified_gmt":"2025-05-05T04:51:46","slug":"teated","status":"publish","type":"page","link":"https:\/\/hsraadio.net\/uus\/","title":{"rendered":"Tere tulemast!"},"content":{"rendered":"\n<p class=\"has-text-align-center\"><strong>05.05.2025<\/strong> Kallid kuulajad, tehniliste \u00fcmberkorralduste t\u00f5ttu saab kuulata ainult j\u00e4rel kuulamise saateid.<\/p>\n\n\n\n<p><\/p>\n","protected":false},"excerpt":{"rendered":"<p>05.05.2025 Kallid kuulajad, tehniliste \u00fcmberkorralduste t\u00f5ttu saab kuulata ainult j\u00e4rel kuulamise saateid.<\/p>\n","protected":false},"author":1,"featured_media":0,"parent":0,"menu_order":0,"comment_status":"closed","ping_status":"closed","template":"","meta":{"footnotes":""},"class_list":["post-6","page","type-page","status-publish","hentry"],"_links":{"self":[{"href":"https:\/\/hsraadio.net\/uus\/wp-json\/wp\/v2\/pages\/6","targetHints":{"allow":["GET"]}}],"collection":[{"href":"https:\/\/hsraadio.net\/uus\/wp-json\/wp\/v2\/pages"}],"about":[{"href":"https:\/\/hsraadio.net\/uus\/wp-json\/wp\/v2\/types\/page"}],"author":[{"embeddable":true,"href":"https:\/\/hsraadio.net\/uus\/wp-json\/wp\/v2\/users\/1"}],"replies":[{"embeddable":true,"href":"https:\/\/hsraadio.net\/uus\/wp-json\/wp\/v2\/comments?post=6"}],"version-history":[{"count":125,"href":"https:\/\/hsraadio.net\/uus\/wp-json\/wp\/v2\/pages\/6\/revisions"}],"predecessor-version":[{"id":1660,"href":"https:\/\/hsraadio.net\/uus\/wp-json\/wp\/v2\/pages\/6\/revisions\/1660"}],"wp:attachment":[{"href":"https:\/\/hsraadio.net\/uus\/wp-json\/wp\/v2\/media?parent=6"}],"curies":[{"name":"wp","href":"https:\/\/api.w.org\/{rel}","templated":true}]}}